{"id":868,"date":"2023-12-17T11:51:49","date_gmt":"2023-12-17T11:51:49","guid":{"rendered":"https:\/\/lider.ba\/?page_id=868"},"modified":"2024-01-05T09:26:19","modified_gmt":"2024-01-05T08:26:19","slug":"zaposlenje","status":"publish","type":"page","link":"https:\/\/lider.ba\/en\/zaposlenje\/","title":{"rendered":"Zaposlenje"},"content":{"rendered":"\t\t<div data-elementor-type=\"wp-page\" data-elementor-id=\"868\" class=\"elementor elementor-868\" data-elementor-post-type=\"page\">\n\t\t\t\t<div class=\"elementor-element elementor-element-f1727dc e-flex e-con-boxed e-con e-parent\" data-id=\"f1727dc\" data-element_type=\"container\" data-e-type=\"container\" data-settings=\"{&quot;background_background&quot;:&quot;classic&quot;}\">\n\t\t\t\t\t<div class=\"e-con-inner\">\n\t\t\t\t<div class=\"elementor-element elementor-element-033d2e7 elementor-widget elementor-widget-heading\" data-id=\"033d2e7\" data-element_type=\"widget\" data-e-type=\"widget\" data-widget_type=\"heading.default\">\n\t\t\t\t<div class=\"elementor-widget-container\">\n\t\t\t\t\t<h1 class=\"elementor-heading-title elementor-size-default\">Zaposlenje<\/h1>\t\t\t\t<\/div>\n\t\t\t\t<\/div>\n\t\t\t\t<div class=\"elementor-element elementor-element-158a7dc breadcrumbs elementor-widget elementor-widget-shortcode\" data-id=\"158a7dc\" data-element_type=\"widget\" data-e-type=\"widget\" data-widget_type=\"shortcode.default\">\n\t\t\t\t<div class=\"elementor-widget-container\">\n\t\t\t\t\t\t\t<div class=\"elementor-shortcode\"><nav class=\"breadcrumbs\" aria-label=\"Breadcrumbs\"><a href=\"https:\/\/lider.ba\/en\/\" class=\"breadcrumb breadcrumb--first\">Po\u010detna<\/a><\/nav><\/div>\n\t\t\t\t\t\t<\/div>\n\t\t\t\t<\/div>\n\t\t\t\t\t<\/div>\n\t\t\t\t<\/div>\n\t\t<div class=\"elementor-element elementor-element-3032359 e-flex e-con-boxed e-con e-parent\" data-id=\"3032359\" data-element_type=\"container\" data-e-type=\"container\">\n\t\t\t\t\t<div class=\"e-con-inner\">\n\t\t<div class=\"elementor-element elementor-element-e5cabb7 e-con-full e-flex e-con e-child\" data-id=\"e5cabb7\" data-element_type=\"container\" data-e-type=\"container\">\n\t\t\t\t<div class=\"elementor-element elementor-element-e0cbe27 kodeksi-childs elementor-widget elementor-widget-text-editor\" data-id=\"e0cbe27\" data-element_type=\"widget\" data-e-type=\"widget\" data-widget_type=\"text-editor.default\">\n\t\t\t\t<div class=\"elementor-widget-container\">\n\t\t\t\t\t\t\t\t\t<h2>MKF \u201cLIDER\u201d je dinami\u010dna organizacija koja ima tendenciju rasta i uvijek je spremna da pru\u017ei priliku osobama koje imaju fleksibilan pristup radu.<\/h2>\nUkoliko smatrate da\u00a0<strong>odgovorno izvr\u0161avate<\/strong>\u00a0svoje obaveze na radnom mjestu i\u00a0<strong>posti\u017eete efikasne rezultate<\/strong>, sami ili kao dio tima, onda imate\u00a0<strong>\u0161ansu<\/strong>\u00a0da nadogra\u0111ujete Va\u0161u karijeru kod nas.\n\nPored\u00a0<strong>konkurentnih pla\u0107a<\/strong>, mi nudimo i\u00a0<strong>profesionalno usavr\u0161avanj<\/strong>e, gdje u kombinaciji sa redovnim ocjenama o\u00a0<strong>uspje\u0161nosti u radu<\/strong>, mo\u017eete unaprijediti Va\u0161e komunikacijske, pregovara\u010dke i rukovodila\u010dke sposobnosti.\n<h3>Zainteresovani kandidati moraju biti predani radu sa svim ljudima bez obzira na njihovu nacionalnu i rasnu pripadnost, te porijeklo.<\/h3>\nMikro \u201cLIDER\u201d uzima u obzir sve aplikante bez obzira na njihovu\u00a0<strong>etni\u010dku, nacionalnu, religioznu i spolnu opredjeljenost.<\/strong>\n\nDostavite Va\u0161u biografiju putem email-a: <a href=\"mailto:info@lider.ba\">info@lider.ba<\/a> ili popunite obrazac ispod.\t\t\t\t\t\t\t\t<\/div>\n\t\t\t\t<\/div>\n\t\t\t\t<div class=\"elementor-element elementor-element-b652039 cv-forma elementor-button-align-start elementor-mobile-button-align-stretch elementor-widget elementor-widget-form\" data-id=\"b652039\" data-element_type=\"widget\" data-e-type=\"widget\" data-settings=\"{&quot;step_next_label&quot;:&quot;Next&quot;,&quot;step_previous_label&quot;:&quot;Previous&quot;,&quot;button_width&quot;:&quot;100&quot;,&quot;step_type&quot;:&quot;number_text&quot;,&quot;step_icon_shape&quot;:&quot;circle&quot;}\" data-widget_type=\"form.default\">\n\t\t\t\t<div class=\"elementor-widget-container\">\n\t\t\t\t\t\t\t<form class=\"elementor-form\" method=\"post\" name=\"Zaposlenje\" aria-label=\"Zaposlenje\">\n\t\t\t<input type=\"hidden\" name=\"post_id\" value=\"868\"\/>\n\t\t\t<input type=\"hidden\" name=\"form_id\" value=\"b652039\"\/>\n\t\t\t<input type=\"hidden\" name=\"referer_title\" value=\"Zaposlenje\" \/>\n\n\t\t\t\t\t\t\t<input type=\"hidden\" name=\"queried_id\" value=\"868\"\/>\n\t\t\t\n\t\t\t<div class=\"elementor-form-fields-wrapper elementor-labels-\">\n\t\t\t\t\t\t\t\t<div class=\"elementor-field-type-text elementor-field-group elementor-column elementor-field-group-name elementor-col-50 elementor-field-required\">\n\t\t\t\t\t\t\t\t\t\t\t\t<label for=\"form-field-name\" class=\"elementor-field-label elementor-screen-only\">\n\t\t\t\t\t\t\t\tIme\t\t\t\t\t\t\t<\/label>\n\t\t\t\t\t\t\t\t\t\t\t\t\t\t<input size=\"1\" type=\"text\" name=\"form_fields[name]\" id=\"form-field-name\" class=\"elementor-field elementor-size-md  elementor-field-textual\" placeholder=\"Ime\" required=\"required\">\n\t\t\t\t\t\t\t\t\t\t\t<\/div>\n\t\t\t\t\t\t\t\t<div class=\"elementor-field-type-text elementor-field-group elementor-column elementor-field-group-field_29eaba4 elementor-col-50 elementor-field-required\">\n\t\t\t\t\t\t\t\t\t\t\t\t<label for=\"form-field-field_29eaba4\" class=\"elementor-field-label elementor-screen-only\">\n\t\t\t\t\t\t\t\tPrezime\t\t\t\t\t\t\t<\/label>\n\t\t\t\t\t\t\t\t\t\t\t\t\t\t<input size=\"1\" type=\"text\" name=\"form_fields[field_29eaba4]\" id=\"form-field-field_29eaba4\" class=\"elementor-field elementor-size-md  elementor-field-textual\" placeholder=\"Prezime\" required=\"required\">\n\t\t\t\t\t\t\t\t\t\t\t<\/div>\n\t\t\t\t\t\t\t\t<div class=\"elementor-field-type-text elementor-field-group elementor-column elementor-field-group-field_817c02d elementor-col-50 elementor-field-required\">\n\t\t\t\t\t\t\t\t\t\t\t\t<label for=\"form-field-field_817c02d\" class=\"elementor-field-label elementor-screen-only\">\n\t\t\t\t\t\t\t\tTelefon\t\t\t\t\t\t\t<\/label>\n\t\t\t\t\t\t\t\t\t\t\t\t\t\t<input size=\"1\" type=\"text\" name=\"form_fields[field_817c02d]\" id=\"form-field-field_817c02d\" class=\"elementor-field elementor-size-md  elementor-field-textual\" placeholder=\"Telefon\" required=\"required\">\n\t\t\t\t\t\t\t\t\t\t\t<\/div>\n\t\t\t\t\t\t\t\t<div class=\"elementor-field-type-email elementor-field-group elementor-column elementor-field-group-email elementor-col-50 elementor-field-required\">\n\t\t\t\t\t\t\t\t\t\t\t\t<label for=\"form-field-email\" class=\"elementor-field-label elementor-screen-only\">\n\t\t\t\t\t\t\t\tEmail\t\t\t\t\t\t\t<\/label>\n\t\t\t\t\t\t\t\t\t\t\t\t\t\t<input size=\"1\" type=\"email\" name=\"form_fields[email]\" id=\"form-field-email\" class=\"elementor-field elementor-size-md  elementor-field-textual\" placeholder=\"Email\" required=\"required\">\n\t\t\t\t\t\t\t\t\t\t\t<\/div>\n\t\t\t\t\t\t\t\t<div class=\"elementor-field-type-upload elementor-field-group elementor-column elementor-field-group-field_36d4053 elementor-col-100\">\n\t\t\t\t\t\t\t<input type=\"file\" name=\"form_fields[field_36d4053]\" id=\"form-field-field_36d4053\" class=\"elementor-field elementor-size-md  elementor-upload-field\" data-maxsize=\"5\" data-maxsize-message=\"This file exceeds the maximum allowed size.\">\n\n\t\t\t\t\t\t<\/div>\n\t\t\t\t\t\t\t\t<div class=\"elementor-field-type-recaptcha_v3 elementor-field-group elementor-column elementor-field-group-field_0e235f5 elementor-col-100 recaptcha_v3-inline\">\n\t\t\t\t\t<div class=\"elementor-field\" id=\"form-field-field_0e235f5\"><div class=\"elementor-g-recaptcha\" data-sitekey=\"6Lfy1kEpAAAAAASILHiUV_M_J8mSPH3cfWs78lIy\" data-type=\"v3\" data-action=\"Form\" data-badge=\"inline\" data-size=\"invisible\"><\/div><\/div>\t\t\t\t<\/div>\n\t\t\t\t\t\t\t\t<div class=\"elementor-field-group elementor-column elementor-field-type-submit elementor-col-100 e-form__buttons\">\n\t\t\t\t\t<button class=\"elementor-button elementor-size-sm\" type=\"submit\">\n\t\t\t\t\t\t<span class=\"elementor-button-content-wrapper\">\n\t\t\t\t\t\t\t\t\t\t\t\t\t\t\t\t\t\t\t\t\t\t<span class=\"elementor-button-text\">Po\u0161alji CV<\/span>\n\t\t\t\t\t\t\t\t\t\t\t\t\t<\/span>\n\t\t\t\t\t<\/button>\n\t\t\t\t<\/div>\n\t\t\t<\/div>\n\t\t<\/form>\n\t\t\t\t\t\t<\/div>\n\t\t\t\t<\/div>\n\t\t\t\t<\/div>\n\t\t\t\t\t<\/div>\n\t\t\t\t<\/div>\n\t\t<div class=\"elementor-element elementor-element-ff63fb5 e-flex e-con-boxed e-con e-parent\" data-id=\"ff63fb5\" data-element_type=\"container\" data-e-type=\"container\" data-settings=\"{&quot;background_background&quot;:&quot;classic&quot;}\">\n\t\t\t\t\t<div class=\"e-con-inner\">\n\t\t\t\t<div class=\"elementor-element elementor-element-bea0d43 elementor-widget__width-inherit elementor-widget elementor-widget-heading\" data-id=\"bea0d43\" data-element_type=\"widget\" data-e-type=\"widget\" data-widget_type=\"heading.default\">\n\t\t\t\t<div class=\"elementor-widget-container\">\n\t\t\t\t\t<h2 class=\"elementor-heading-title elementor-size-default\">Zahtjev za finansijske usluge<\/h2>\t\t\t\t<\/div>\n\t\t\t\t<\/div>\n\t\t\t\t<div class=\"elementor-element elementor-element-af8e0bd elementor-align-center elementor-widget elementor-widget-button\" data-id=\"af8e0bd\" data-element_type=\"widget\" data-e-type=\"widget\" data-widget_type=\"button.default\">\n\t\t\t\t<div class=\"elementor-widget-container\">\n\t\t\t\t\t\t\t\t\t<div class=\"elementor-button-wrapper\">\n\t\t\t\t\t<a class=\"elementor-button elementor-button-link elementor-size-lg\" href=\"https:\/\/lider.ba\/zahtjev-za-finansijske-usluge\/\">\n\t\t\t\t\t\t<span class=\"elementor-button-content-wrapper\">\n\t\t\t\t\t\t\t\t\t<span class=\"elementor-button-text\">Apliciraj odmah<\/span>\n\t\t\t\t\t<\/span>\n\t\t\t\t\t<\/a>\n\t\t\t\t<\/div>\n\t\t\t\t\t\t\t\t<\/div>\n\t\t\t\t<\/div>\n\t\t\t\t<div class=\"elementor-element elementor-element-fd2819d elementor-widget elementor-widget-heading\" data-id=\"fd2819d\" data-element_type=\"widget\" data-e-type=\"widget\" data-widget_type=\"heading.default\">\n\t\t\t\t<div class=\"elementor-widget-container\">\n\t\t\t\t\t<p class=\"elementor-heading-title elementor-size-default\"><a href=\"#elementor-action%3Aaction%3Dpopup%3Aopen%26settings%3DeyJpZCI6MTQxNSwidG9nZ2xlIjpmYWxzZX0%3D\">ili posjeti najbli\u017eu poslovnicu<\/a><\/p>\t\t\t\t<\/div>\n\t\t\t\t<\/div>\n\t\t\t\t\t<\/div>\n\t\t\t\t<\/div>\n\t\t\t\t<\/div>\n\t\t","protected":false},"excerpt":{"rendered":"<p>MKF \u201cLIDER\u201d je dinami\u010dna organizacija koja ima tendenciju rasta i uvijek je spremna da pru\u017ei priliku osobama koje imaju fleksibilan pristup radu. Ukoliko smatrate da\u00a0odgovorno izvr\u0161avate\u00a0svoje obaveze na radnom mjestu i\u00a0posti\u017eete efikasne rezultate, sami ili kao dio tima, onda imate\u00a0\u0161ansu\u00a0da nadogra\u0111ujete Va\u0161u karijeru kod nas. Pored\u00a0konkurentnih pla\u0107a, mi nudimo i\u00a0profesionalno usavr\u0161avanje, gdje u kombinaciji sa [&hellip;]<\/p>\n","protected":false},"author":1,"featured_media":0,"parent":0,"menu_order":0,"comment_status":"closed","ping_status":"closed","template":"","meta":{"_acf_changed":false,"slim_seo":{"title":"Zaposlenje - Lider - Mikrokreditna fondacija","description":"Po\u010detna MKF \u201cLIDER\u201d je dinami\u010dna organizacija koja ima tendenciju rasta i uvijek je spremna da pru\u017ei priliku osobama koje imaju fleksibilan pristup radu. Ukolik"},"footnotes":""},"class_list":["post-868","page","type-page","status-publish","hentry"],"acf":[],"_links":{"self":[{"href":"https:\/\/lider.ba\/en\/wp-json\/wp\/v2\/pages\/868","targetHints":{"allow":["GET"]}}],"collection":[{"href":"https:\/\/lider.ba\/en\/wp-json\/wp\/v2\/pages"}],"about":[{"href":"https:\/\/lider.ba\/en\/wp-json\/wp\/v2\/types\/page"}],"author":[{"embeddable":true,"href":"https:\/\/lider.ba\/en\/wp-json\/wp\/v2\/users\/1"}],"replies":[{"embeddable":true,"href":"https:\/\/lider.ba\/en\/wp-json\/wp\/v2\/comments?post=868"}],"version-history":[{"count":5,"href":"https:\/\/lider.ba\/en\/wp-json\/wp\/v2\/pages\/868\/revisions"}],"predecessor-version":[{"id":3910,"href":"https:\/\/lider.ba\/en\/wp-json\/wp\/v2\/pages\/868\/revisions\/3910"}],"wp:attachment":[{"href":"https:\/\/lider.ba\/en\/wp-json\/wp\/v2\/media?parent=868"}],"curies":[{"name":"wp","href":"https:\/\/api.w.org\/{rel}","templated":true}]}}