{"id":6109,"date":"2025-10-08T12:12:30","date_gmt":"2025-10-08T11:12:30","guid":{"rendered":"https:\/\/lider.ba\/?page_id=6109"},"modified":"2025-10-08T13:19:57","modified_gmt":"2025-10-08T12:19:57","slug":"obavijest-o-kolacicima","status":"publish","type":"page","link":"https:\/\/lider.ba\/en\/obavijest-o-kolacicima\/","title":{"rendered":"Obavijest o kola\u010di\u0107ima"},"content":{"rendered":"\n<h2 class=\"wp-block-heading\">1 Kola\u010di\u0107i<\/h2>\n\n\n\n<p>Kada posjetite ovu internetsku stranicu, postaviti \u0107emo odre\u0111ene podatke na Va\u0161e ra\u010dunalo u obliku \u201ekola\u010di\u0107a\u201c. Kola\u010di\u0107i su mali tekstualni fajlovi koji se pohranjuju na va\u0161 ure\u0111aj radi pohrane podataka koje mo\u017ee pro\u010ditati web server na domeni koja je kola\u010di\u0107 pohranila na va\u0161 ure\u0111aj.&nbsp;<\/p>\n\n\n\n<p>Kola\u010di\u0107i nam poma\u017eu na vi\u0161e na\u010dina Na primjer, mogu nam pomo\u0107i da prilagodimo ovu internetsku stranicu Va\u0161im potrebama u smislu jezika koji ste odabrali, komunikacija sa nama zahtjeva kola\u010di\u0107 koji vas pamti dok traje razgovor.<\/p>\n\n\n\n<p>U matrici koja je dostupna ovdje prona\u0107i \u0107ete pregled kola\u010di\u0107a koje koristimo na ovoj internetskoj stranici. U nastavku \u0107ete prona\u0107i namjenu, datum isteka i prirodu kola\u010di\u0107a.<\/p>\n\n\n\n<p>Kori\u0161tenje kola\u010di\u0107a mo\u017eete prihvatiti ili odbaciti Va\u0161e opcije za odlu\u010divanje o tome koje kola\u010di\u0107e \u0107emo postavljati ili \u010ditati s Va\u0161eg ra\u010dunala ili mobilnog ure\u0111aja utvr\u0111ene su u nastavku. Ako ne prihvatite strogo neophodne kola\u010di\u0107e koji su ovdje definirani kao \u201eFunkcionalni\u201c, ne\u0107ete mo\u0107i posjetiti ovu internetsku stranicu. Ako odbacite ostale kola\u010di\u0107e, odre\u0111ene ponude, zna\u010dajke i resursi na na\u0161oj internetskoj stranici ne\u0107e pravilno raditi ili \u0107e kori\u0161tenje stranice biti manje udobno ili funkcionalno.<\/p>\n\n\n\n<h2 class=\"wp-block-heading\">2 Trajanje pohrane kola\u010di\u0107a<\/h2>\n\n\n\n<ul class=\"wp-block-list\">\n<li>Sesija &#8211; Automatski se bri\u0161e kada zatvorite preglednik<\/li>\n\n\n\n<li>Vremenski ograni\u010deni &#8211; Ostaju pohranjeni na Va\u0161em krajnjem ure\u0111aju do datuma isteka ili dok se ru\u010dno ne izbri\u0161u.<\/li>\n<\/ul>\n\n\n\n<h2 class=\"wp-block-heading\">3 Vrste kola\u010di\u0107a<\/h2>\n\n\n\n<p>Tijekom Va\u0161eg posjeta ovoj internetskoj stranici mogu se koristiti sljede\u0107e vrste kola\u010di\u0107a:<\/p>\n\n\n\n<ul class=\"wp-block-list\">\n<li>Funkcionalni\n<ul class=\"wp-block-list\">\n<li>Strogo neophodni \u2013 ako su ti kola\u010di\u0107i onemogu\u0107eni, ne\u0107ete mo\u0107i posjetiti ovu internetsku stranicu<\/li>\n<\/ul>\n<\/li>\n\n\n\n<li>Statistika\n<ul class=\"wp-block-list\">\n<li>Analiti\u010dki \u2013 kola\u010di\u0107i tre\u0107e strane koji omogu\u0107uju prikupljanje statisti\u010dkih podataka o posjetiteljima stranice (npr. broj jedinstvenih posjetitelja, otkrivanje problema s kretanjem po internetskoj stranici, progres gledanja videa, otkrivanje \u010desto kori\u0161tenih klju\u010dnih rije\u010di u tra\u017eilicama\u2026)<\/li>\n<\/ul>\n<\/li>\n\n\n\n<li>Marketing\n<ul class=\"wp-block-list\">\n<li>Reklamni kola\u010di\u0107i tre\u0107e strane koriste se za pra\u0107enje posjetitelja na web-mjestima. Namjera je prikazati oglase koji su relevantni i zanimljivi za pojedinog korisnika<\/li>\n<\/ul>\n<\/li>\n<\/ul>\n\n\n\n<h2 class=\"wp-block-heading\">4 Pregled kola\u010di\u0107a<\/h2>\n\n\n\n<h3 class=\"wp-block-heading\">4.1 Funkcionalni<\/h3>\n\n\n\n<p>Osnovni kola\u010di\u0107i poma\u017eu da se web stranica u\u010dini korisnom tako da se omogu\u0107e osnovne funkcije poput navigacije stranicama i pristupa sigurnim dijelovima web stranica. Web stranica ne mo\u017ee funkcionirati bez ovih kola\u010di\u0107a.<\/p>\n\n\n\n<figure class=\"wp-block-table\"><table class=\"has-fixed-layout\"><tbody><tr><td><em>Naziv kola\u010di\u0107a<\/em><em><\/em><\/td><td><em>Svrha<\/em><em><\/em><\/td><td><em>Trajanje <\/em><em><\/em><\/td><\/tr><tr><td><em>wordpress_test_cookie<\/em><em><\/em><\/td><td>Provjerava da li je preglednik postavio kola\u010di\u0107e<\/td><td>Sesija<\/td><\/tr><tr><td><em>wp_lang<\/em><em><\/em><\/td><td>Pamti jezik korisni\u010dkog su\u010delja<\/td><td>Sesija<\/td><\/tr><tr><td><em>wp-wpml_current_language<\/em><em><\/em><\/td><td>Pamti trenutno odabrani jezik<\/td><td>Sesija<\/td><\/tr><tr><td><em>cookieyes-consent<\/em><em><\/em><\/td><td>Pamti korisni\u010dki pristanak za kola\u010di\u0107e<\/td><td>1 godina<\/td><\/tr><tr><td><em>cmplz_marketing<\/em><em><\/em><\/td><td>Pamti marketin\u0161ke postavke pristanka<\/td><td>1 godina<\/td><\/tr><tr><td><em>cmplz_consented_services<\/em><em><\/em><\/td><td>Pamti pristanke za servise<\/td><td>1 godina<\/td><\/tr><tr><td><em>cmplz_consenttype<\/em><em><\/em><\/td><td>Pamti vrstu pristanka korisnika<\/td><td>1 godina<\/td><\/tr><tr><td><em>cmplz_banner-status<\/em><em><\/em><\/td><td>Pamti status prikaza bannera za kola\u010di\u0107e<\/td><td>1 godina<\/td><\/tr><tr><td><em>cmplz_policy_id<\/em><em><\/em><\/td><td>Pamti ID verzije politike kola\u010di\u0107a<\/td><td>1 godina<\/td><\/tr><tr><td><em>cmplz_functional<\/em><em><\/em><\/td><td>Pamti funkcionalne postavke pristanka<\/td><td>1 godina<\/td><\/tr><tr><td><em>cmplz_statistics<\/em><em><\/em><\/td><td>Pamti statisti\u010dke postavke pristanka<\/td><td>1 godina<\/td><\/tr><tr><td><em>ate_widget_fetch_time<\/em><em><\/em><\/td><td>Pamti vrijeme dohva\u0107anja ATE widgeta<\/td><td>Sesija<\/td><\/tr><tr><td><em>ate_widget_url<\/em><em><\/em><\/td><td>Pamti URL ATE widgeta<\/td><td>Sesija<\/td><\/tr><tr><td><em>ate-maiya-info_*<\/em><em><\/em><\/td><td>ATE identifikator<\/td><td>Sesija<\/td><\/tr><tr><td><em>_grecaptcha<\/em><em><\/em><\/td><td>Google reCAPTCHA sigurnosni kola\u010di\u0107<\/td><td>Trajno<\/td><\/tr><tr><td><em>rc::a<\/em><em><\/em><\/td><td>Google reCAPTCHA za\u0161tita od zloupotrebe<\/td><td>Trajno<\/td><\/tr><tr><td><em>rc::b, rc::c<\/em><em><\/em><\/td><td>Google reCAPTCHA sesijski kola\u010di\u0107<\/td><td>Sesija<\/td><\/tr><tr><td><em>TawkConnectionTime<\/em><em><\/em><\/td><td>Tawk.to live chat vrijeme povezivanja razgovor<\/td><td>Sesija<\/td><\/tr><tr><td><em>tawk_has_register_visitor<\/em><em><\/em><\/td><td>Tawk.to live chat registracija posjetitelja<\/td><td>Sesija<\/td><\/tr><tr><td><em>twk_*<\/em><em><\/em><\/td><td>Tawk.to live chat identifikator sesije<\/td><td>Sesija<\/td><\/tr><tr><td><em>twk_uuid_*<\/em><em><\/em><\/td><td>Tawk.to live chat jedinstveni identifikator korisnika<\/td><td>Sesija<\/td><\/tr><\/tbody><\/table><\/figure>\n\n\n\n<h3 class=\"wp-block-heading\">4.2 Statistika<\/h3>\n\n\n\n<p>Kola\u010di\u0107i analitike poma\u017eu vlasnicima web stranica razumjeti kako posjetitelji komuniciraju s web stranicama prikupljanjem i anonimnim prijavljivanjem podataka.<\/p>\n\n\n\n<figure class=\"wp-block-table\"><table class=\"has-fixed-layout\"><tbody><tr><td><em>Naziv kola\u010di\u0107a<\/em><em><\/em><\/td><td><em>Svrha<\/em><em><\/em><\/td><td><em>Trajanje <\/em><em><\/em><\/td><\/tr><tr><td><em>timezone<\/em><em><\/em><\/td><td>Pamti vremensku zonu korisnika<\/td><td>Sesija<\/td><\/tr><tr><td><em>previousNav<\/em><em><\/em><\/td><td>Pamti prethodnu navigaciju korisnika<\/td><td>Sesija<\/td><\/tr><tr><td><em>lastExternalReferrer<\/em><em><\/em><\/td><td>Pamti posljednju vanjsku referencu<\/td><td>Sesija<\/td><\/tr><tr><td><em>lastExternalReferrerTime<\/em><em><\/em><\/td><td>Pamti vrijeme posljednje vanjske reference<\/td><td>Sesija<\/td><\/tr><tr><td><em>topicsLastReferenceTime<\/em><em><\/em><\/td><td>Pamti vrijeme posljednje reference na temu<\/td><td>Sesija<\/td><\/tr><tr><td><em>_ga<\/em><em><\/em><\/td><td>Google Analytics identifikator korisnika<\/td><td>2 godine<\/td><\/tr><tr><td><em>_ga_*<\/em><em><\/em><\/td><td>Google Analytics identifikator sesije<\/td><td>2 godine<\/td><\/tr><tr><td><em>mp_gen_new_tab_id_mixpanel_*<\/em><em><\/em><\/td><td>Mixpanel identifikator nove kartice<\/td><td>Sesija<\/td><\/tr><tr><td><em>mp_tab_id_mixpanel_*<\/em><em><\/em><\/td><td>Mixpanel identifikator kartice<\/td><td>Sesija<\/td><\/tr><\/tbody><\/table><\/figure>\n\n\n\n<h3 class=\"wp-block-heading\">4.3 Marketing<\/h3>\n\n\n\n<p>Reklamni kola\u010di\u0107i koriste se za pra\u0107enje posjetitelja na web-mjestima. Namjera je prikazati oglase koji su relevantni i zanimljivi za pojedinog korisnika, a time i vrjedniji za izdava\u010de i ogla\u0161iva\u010de tre\u0107e strane.<\/p>\n\n\n\n<figure class=\"wp-block-table\"><table class=\"has-fixed-layout\"><tbody><tr><td><em>Naziv kola\u010di\u0107a<\/em><em><\/em><\/td><td><em>Svrha<\/em><em><\/em><\/td><td><em>Trajanje <\/em><em><\/em><\/td><\/tr><tr><td><em>wistia-video-progress-*<\/em><em><\/em><\/td><td>Pra\u0107enje napretka gledanja Wistia videa<\/td><td>Sesija<\/td><\/tr><tr><td><em>_fbp<\/em><em><\/em><\/td><td>Facebook identifikator za ogla\u0161avanje<\/td><td>3 mjeseca<\/td><\/tr><tr><td><em>_fbc<\/em><em><\/em><\/td><td>Facebook klik identifikator<\/td><td>3 mjeseca<\/td><\/tr><tr><td><em>multiFbc<\/em><em><\/em><\/td><td>Facebook vi\u0161estruki klik identifikator<\/td><td>3 mjeseca<\/td><\/tr><tr><td><em>__fb_chat_plugin<\/em><em><\/em><\/td><td>Facebook chat interakcije<\/td><td>Sesija<\/td><\/tr><tr><td><em>fc_sb_14<\/em><em><\/em><\/td><td>Facebook Segmentacija korisnika za marketing<\/td><td>Trajno<\/td><\/tr><\/tbody><\/table><\/figure>\n","protected":false},"excerpt":{"rendered":"<p>1 Kola\u010di\u0107i Kada posjetite ovu internetsku stranicu, postaviti \u0107emo odre\u0111ene podatke na Va\u0161e ra\u010dunalo u obliku \u201ekola\u010di\u0107a\u201c. Kola\u010di\u0107i su mali tekstualni fajlovi koji se pohranjuju na va\u0161 ure\u0111aj radi pohrane podataka koje mo\u017ee pro\u010ditati web server na domeni koja je kola\u010di\u0107 pohranila na va\u0161 ure\u0111aj.&nbsp; Kola\u010di\u0107i nam poma\u017eu na vi\u0161e na\u010dina Na primjer, mogu nam [&hellip;]<\/p>\n","protected":false},"author":1,"featured_media":2471,"parent":0,"menu_order":0,"comment_status":"closed","ping_status":"closed","template":"","meta":{"_acf_changed":false,"slim_seo":{"title":"Obavijest o kola\u010di\u0107ima - Lider - Mikrokreditna fondacija","description":"1 Kola\u010di\u0107i Kada posjetite ovu internetsku stranicu, postaviti \u0107emo odre\u0111ene podatke na Va\u0161e ra\u010dunalo u obliku \u201ekola\u010di\u0107a\u201c. Kola\u010di\u0107i su mali tekstualni fajlovi ko"},"footnotes":""},"class_list":["post-6109","page","type-page","status-publish","has-post-thumbnail","hentry"],"acf":[],"_links":{"self":[{"href":"https:\/\/lider.ba\/en\/wp-json\/wp\/v2\/pages\/6109","targetHints":{"allow":["GET"]}}],"collection":[{"href":"https:\/\/lider.ba\/en\/wp-json\/wp\/v2\/pages"}],"about":[{"href":"https:\/\/lider.ba\/en\/wp-json\/wp\/v2\/types\/page"}],"author":[{"embeddable":true,"href":"https:\/\/lider.ba\/en\/wp-json\/wp\/v2\/users\/1"}],"replies":[{"embeddable":true,"href":"https:\/\/lider.ba\/en\/wp-json\/wp\/v2\/comments?post=6109"}],"version-history":[{"count":3,"href":"https:\/\/lider.ba\/en\/wp-json\/wp\/v2\/pages\/6109\/revisions"}],"predecessor-version":[{"id":6114,"href":"https:\/\/lider.ba\/en\/wp-json\/wp\/v2\/pages\/6109\/revisions\/6114"}],"wp:featuredmedia":[{"embeddable":true,"href":"https:\/\/lider.ba\/en\/wp-json\/wp\/v2\/media\/2471"}],"wp:attachment":[{"href":"https:\/\/lider.ba\/en\/wp-json\/wp\/v2\/media?parent=6109"}],"curies":[{"name":"wp","href":"https:\/\/api.w.org\/{rel}","templated":true}]}}