{"id":5590,"date":"2024-10-28T15:52:07","date_gmt":"2024-10-28T14:52:07","guid":{"rendered":"https:\/\/lider.ba\/code-of-conduct\/program-mjera-poplave-2024\/"},"modified":"2024-10-29T14:31:15","modified_gmt":"2024-10-29T13:31:15","slug":"program-of-measures-floods-in-2024","status":"publish","type":"page","link":"https:\/\/lider.ba\/en\/code-of-conduct\/program-of-measures-floods-in-2024\/","title":{"rendered":"Measures &#8211; Floods 2024."},"content":{"rendered":"<p>\n\n\n<h2 class=\"wp-block-heading poravnano\">Program o posebnim mjerama koje MKF LIDER primjenjuje u vanrednim okolnostima \u2013 poplavama iz oktobra 2024. godine<\/h2>\n\n\n\n<p class=\"poravnano\">Kako bi kao i uvijek nastavili pomagati i podupirati klijente i u vanrednim uslovima, <strong>Mikrokreditna fondacija LIDER<\/strong> je pripremila paket mjera podr\u0161ke za ubla\u017eavanje negativnih ekonomskih posljedica u vidu olak\u0161ica klijentima koji su direktno ili indirektno pogo\u0111eni negativnim posljedicama vanrednih okolnosti nastalih uslijed poplava i klizi\u0161ta.<\/p>\n\n\n\n<p class=\"poravnano\">U skladu sa odlukama Agencije za bankarstvo Federacije BIH, posebne mjere su mjere privremenog karaktera i odnose se na pru\u017eanje mogu\u0107nosti odgode pla\u0107anja obaveza, restrukturiranja obaveza ili druge olak\u0161ice koje \u0107e se odobravati s ciljem ubla\u017eavanja negativnih posljedica vanrednih okolnosti nastalih usljed poplava i klizi\u0161ta na finansijsku situaciju klijenata.<\/p>\n\n\n\n<p class=\"poravnano\">Prije va\u0161eg samog razmi\u0161ljanja o jednoj od posebnih mjera za olak\u0161anje u otplati kredita, potrebno je i preporu\u010dujemo vam da se informi\u0161ete o uslovima i karakteristikama svake od ponu\u0111enih mjera.<\/p>\n\n\n\n<p class=\"poravnano\">Problemu i situaciji svakog klijenta \u0107e se pristupiti individualno i sa du\u017enom pa\u017enjom kako bi zajedni\u010dki prona\u0161li najbolje rje\u0161enje prilago\u0111eno klijentovoj trenutnoj situaciji.<\/p>\n\n\n\n<p class=\"poravnano\">MKF LIDER \u0107e klijentima \u010diji su prihodi, odnosno izvori za otplatu obaveza zna\u010dajno smanjeni kao posljedica utjecaja poplava i time je ote\u017eano, onemogu\u0107eno ili \u0107e biti onemogu\u0107eno izmirivanje obaveza prema MKF LIDER, u zavisnosti od analize svakog pojedina\u010dnog kredita, ponuditi jednu od sljede\u0107ih mjera:<\/p>\n\n\n\n<p class=\"poravnano\">a) Moratorij, odnosno zastoj u otplati obaveza do 6 mjeseci od dana odobrenja mjere;<\/p>\n\n\n\n<p class=\"poravnano\">b) Reprogram kredita;<\/p>\n\n\n\n<p class=\"poravnano\">c) Refinansiranje duga, odnosno odobravanje dodatnog iznosa izlo\u017eenosti za potrebe prevazila\u017eenja trenutnih pote\u0161ko\u0107a sa likvidno\u0161\u0107u;<\/p>\n\n\n\n<p class=\"poravnano\">d) Kombinaciju ovih mjera.<\/p>\n\n\n\n<p class=\"poravnano\">Sve opisane posebne mjere regulisat \u0107e se (u zavisnosti od mjere) sklapanjem aneksa na postoje\u0107i ugovor o kreditu ili sklapanjem novog ugovora o kreditu.<\/p>\n\n\n\n<p class=\"poravnano\">U skladu sa Odlukom Agencije za bankarstvo FBiH, pravo na posebne mjere mogu ostvariti samo klijenti koji su direktno ili indirektno pogo\u0111eni vanrednim okolnostima izazvanim poplavama i klizi\u0161tima, odnosno \u010diji su izvori za otplatu kredita uslijed toga smanjeni i time im je onemogu\u0107eno ili \u0107e bit onemogu\u0107eno izmirivanje obveza prema MKF LIDER, dok privremenim mjerama ne\u0107e biti obuhva\u0107eni korisnici kredita koji su imali finansijske probleme i prije vanredne situacije.<\/p>\n\n\n\n<p class=\"poravnano\">Za kvalifikovanje za jednu ili vi\u0161e od gore navedenih mjera, klijenti MKF LIDER moraju obezbijediti odgovaraju\u0107e dokaze i\/ili informacije da je njihova kreditna sposobnost ili kreditna sposobnost \u010dlana doma\u0107instva pogor\u0161ana, odnosno da su im izvori za otplatu kredita smanjeni, ili da su ugro\u017eeni na drugi na\u010din (materijalni gubici, \u0161tete, itd.) uzrokovano poplavama i klizi\u0161tima.<\/p>\n\n\n\n<p class=\"poravnano\">Podr\u0161ka klijentima mo\u017ee sadr\u017eavati jednu i\/ili kombinaciju vi\u0161e posebnih mjera, koje \u0107e se definisati za svakog pojedina\u010dnog klijenta, sa ciljem prevazila\u017eenja pote\u0161ko\u0107a sa kojima se suo\u010davaju i oporavka u cilju urednog izmirivanja obaveza prema MKF LIDER.<\/p>\n\n\n\n<p class=\"poravnano\">MKF LIDER odobrava posebne mjere za klijente koji podnesu pisani zahtjev najkasnije u roku 60 dana od dana stupanja na snagu Odluke o posebnim mjerama donesene od strane Federalne agencije za bankarstvo koja je stupila na snagu 10.10.2024.<\/p>\n\n\n\n<p class=\"poravnano\"><strong>Posebne mjere za klijente MKF LIDER i uslovi<\/strong><\/p>\n\n\n\n<p class=\"poravnano\"><strong>a. Moratorij, odnosno zastoj u otplati obaveza do 6 mjeseci od dana odobrenja mjere<\/strong><\/p>\n\n\n\n<ol style=\"list-style-type:lower-alpha\" class=\"wp-block-list\"><\/ol>\n\n\n\n<p class=\"poravnano\">Moratorij predstavlja odgodu pla\u0107anja obaveza i prestanak obra\u010duna dodatnih naknada, redovne i zatezne kamate na iznos dospjelih potra\u017eivanja. Moratorij se mo\u017ee ugovarati najdu\u017ee na period od 6 mjeseci od dana odobrenja, a rok otplate kredita se produ\u017eava za period moratorija.<\/p>\n\n\n\n<p class=\"poravnano\">Za ugovaranje moratorija o kreditu, MKF LIDER ne\u0107e obra\u010dunavati redovnu i zateznu kamatu, kao niti obra\u010dunavati i napla\u0107ivati bilo koje druge naknade i tro\u0161kove.<\/p>\n\n\n\n<p class=\"poravnano\">Otplata kredita kao i sva prava i obaveze po osnovu moratorija reguli\u0161u se zaklju\u010divanjem aneksa na postoje\u0107i ugovor o kreditu.<\/p>\n\n\n\n<p class=\"poravnano\">U skladu sa stepenom ugro\u017eenosti klijenta,&nbsp; kapacitetom za pla\u0107anje, te na osnovu detaljne procjene kreditnog osoblja, MKF LIDER \u0107e ovakvim klijentima ponuditi opciju za moratorij ukoliko su njihovi prihodi trenutno ili potencijalno ugro\u017eeni vi\u0161e od 50% u odnosu na period kada je vr\u0161ena prethodna procjena kreditne sposobnosti.<\/p>\n\n\n\n<p><strong>b.Reprogram kredita<\/strong><\/p>\n\n\n\n<p class=\"poravnano\">Reprogram kredita je postupak u kome se putem aneksa na ugovor mijenjaju uvjeti ugovora o dodjeli kredita. Naj\u010de\u0161\u0107e se radi o promjeni tj. produ\u017eenju otplatnog plana kako bi se smanjila rata kredita.<\/p>\n\n\n\n<p class=\"poravnano\">Klijenti koji su zahva\u0107eni poplavama ili klizi\u0161tima, usljed \u010dega su pretrpjeli materijalnu \u0161tetu, smanjeni su im prihodi ili \u0107e potencijalno biti smanjeni,&nbsp; imaju mogu\u0107nost podnijeti zahtjev da im se odobri reprogram kredita u MKF LIDER. Reprogram podrazumijeva da se rok otplate kredita produ\u017eava sa ciljem umanjenja iznosa mjese\u010dnih anuiteta u skladu sa klijentovim mogu\u0107nostima,&nbsp; a koje je klijent u obavezi pla\u0107ati u skladu sa novim otplatnim planom.<\/p>\n\n\n\n<p class=\"poravnano\">Kamatna stopa za reprogramirane kredite \u0107e iznositi 10%, bez dodatnih obra\u010duna tro\u0161kova i naknada.<\/p>\n\n\n\n<p class=\"poravnano\"><strong>c.<\/strong> <strong>Refinansiranje duga, odnosno odobravanje dodatnog iznosa izlo\u017eenosti za potrebe prevazila\u017eenja trenutnih pote\u0161ko\u0107a sa likvidno\u0161\u0107u<\/strong><\/p>\n\n\n\n<p class=\"poravnano\">Refinansiranje kredita podrazumijeva zamjenu postoje\u0107ih kreditnih obaveza novim kreditom uz isplatu dodatnih nov\u010danih sredstava.<\/p>\n\n\n\n<p class=\"poravnano\">Klijenti koji su zahva\u0107eni poplavama ili klizi\u0161tima, usljed \u010dega su pretrpjeli materijalnu \u0161tetu, smanjeni su im prihodi ili \u0107e potencijalno biti smanjeni,&nbsp; imaju mogu\u0107nost podnijeti zahtjev da im se odobri refinansiranje postoje\u0107eg kredita.<\/p>\n\n\n\n<p><strong>d. Kombinaciju mjera<\/strong><\/p>\n\n\n\n<p class=\"poravnano\">Kombinacija mjera podrazumijeva mogu\u0107nost da se klijentu odobri jedna ili vi\u0161e mjera iz ovog programa koji \u0107e omogu\u0107iti klijentu da u narednom razdoblju uredno izmiruju obaveze prema MKF LIDER.<\/p>\n\n\n\n<p class=\"poravnano\">Na primjer, mogu\u0107nost da se klijentu kojem se inicijalno odobri moratorij na otplatu kredita, po isteku moratorija na njegov\/njen zahtjev i u skladu sa procjenom i preporukom kreditnog osoblja mo\u017ee odobriti reprogram ili refinansiranje pod posebnim uslovima i kriterijima.&nbsp; Kombinacija mjera tako\u0111e podrazumjeva mogu\u0107nost da se klijentima koji obavljaju neki oblik poslovne djelatnosti i kojima je inicijalno odobren moratorij, paralelno sa moratorijem (ili nakon isteka istog) mogu odobriti dodatna sredstva u formi kredita za potrebe prevazila\u017eenja trenutnih pote\u0161ko\u0107a sa likvidno\u0161\u0107u.<\/p>\n\n\n\n<p><strong>Odobravanje posebnih mjera<\/strong><\/p>\n\n\n\n<p class=\"poravnano\">MKF LIDER mo\u017ee posebne mjere provoditi na osnovu zahtjeva fizi\u010dkog i\/ili pravnog lica. Klijent mo\u017ee podnijeti zahtjev za odobravanje posebnih mjera u pisanoj formi najkasnije u roku od 60 dana od dana stupanja na snagu Odluke Federalne agencije za bankarstvo od 10.10.2024., uz prilaganje dokaza da je isti direktno ili indirektno pogo\u0111en negativnim posljedicama vanrednih okolnosti. U slu\u010daju da je klijent pretrpio indirektnu materijalnu \u0161tetu (gubitak tr\u017ei\u0161ta, kupaca, dobavlja\u010di i dr.), MKF LIDER \u0107e od klijenta tra\u017eiti dodatnu dokumentaciju za lica sa kojima klijent ima uspostavljenu poslovnu saradnju, kao \u0161to su:<\/p>\n\n\n\n<ul class=\"wp-block-list\">\n<li class=\"poravnano\">Ugovor o me\u0111usobnoj poslovnoj saradnji sa licima koji su pretrpili \u0161tetu<\/li>\n\n\n\n<li class=\"poravnano\">Fakture i\/ili narud\u017ebenice od lica koji su pretrpili \u0161tetu<\/li>\n\n\n\n<li class=\"poravnano\">Zapisnik ili drugi dokument od nadle\u017enog organa koji potvr\u0111uju nastalu \u0161tetu lica<\/li>\n<\/ul>\n\n\n\n<p class=\"poravnano\">MKF LIDER \u0107e svojim internim aktima utvrditi dodatne kriterije koje klijenti moraju ispunjavati da bi im odobrile posebne mjere, te dokumentaciju koja je potrebna kao dokaz da je klijent direktno ili indirektno pogo\u0111en negativnim posljedicama vanrednih okolnosti.<\/p>\n\n\n\n<p>Dodatni kiteriji su:<\/p>\n\n\n\n<ul class=\"wp-block-list\">\n<li class=\"poravnano\">Ugro\u017eenost poslovanja kroz umanjenje prihoda u procentu ve\u0107em od 20% u odnosu na analizu prilikom inicijalnog odobravanja kredita.<\/li>\n<\/ul>\n\n\n\n<p class=\"poravnano\">Ugro\u017eenost poslovanja \u0107e se utvr\u0111ivati kroz relevantnu dokumentaciju i direktnu analizu poslovanja na terenu od strane osoblja MKF LIDER.<\/p>\n\n\n\n<p class=\"poravnano\">Prije odobrenja posebnih mjera propisanih ovim Programom, MKF LIDER \u0107e svoje klijente upoznati sa mogu\u0107nostima kori\u0161tenja istih, svim uslovima i efektima posebnih mjera.<\/p>\n\n\n\n<p class=\"poravnano\">Ukoliko klijent podnese zahtjev za odobrenje jedne (ili kombinacije) od privremenih mjera, kreditno osoblje MKF LIDER \u0107e od klijenta prikupiti sve potrebne informacije i dokumentaciju&nbsp; koje su potrebne za realizaciju posebnih mjera.<\/p>\n\n\n\n<p class=\"poravnano\">Dokazi da se klijent kvalifikuje za neku od privremenih mjera (ili kombinaciju mjera) mogu biti zapisnik o nastaloj \u0161teti izdat od nadle\u017enog organa, fotografija, slu\u017ebena zabilje\u0161ka sa lica mjesta sa\u010dinjena od strane kreditnog osoblja, te dokazi &nbsp;koji potvr\u0111uju da su se klijentova primanja ili primanja drugih \u010dlanova doma\u0107instva umanjila.<\/p>\n\n\n\n<p class=\"poravnano\">Nakon zaprimanja zahtjeva za odobrenje posebne mjere i prikupljanja svih potrebnih informacija i potrebne dokumentacije, kreditno osoblje MKF LIDER sprovodi analizu i priprema preporuku za odobravanje jedne od posebnih mjera, koja je sastavni dio forme slu\u017ebene zabilje\u0161ke. Prijedlog se dostavlja Odboru za rizike MKF LIDER koji donosi odluku o odobravanju predlo\u017eene posebne mjere za klijenta. Nakon dono\u0161enja kona\u010dne odluke o odobravanju posebne mjere, Kreditno osoblje obavje\u0161tava klijenta\/sudu\u017enika o odobrenju mjere i informi\u0161e ga o dospije\u0107u prve uplate, te podsje\u0107a na obavezu potpisa aneksa (ili ugovora) i otplatnog plana od strane svih u\u010desnika u kreditu.<\/p>\n\n\n\n<p><strong>Stupanje na snagu<\/strong><\/p>\n\n\n\n<p class=\"poravnano\">Ovaj Program je privremenog karaktera, stupa na snagu <strong>25.10.2024.<\/strong> i va\u017ei do opoziva od strane Agencije za bankarstvo FBiH.<\/p>\n\n\n<\/p>","protected":false},"excerpt":{"rendered":"<p>Program o posebnim mjerama koje MKF LIDER primjenjuje u vanrednim okolnostima \u2013 poplavama iz oktobra 2024. godine Kako bi kao i uvijek nastavili pomagati i podupirati klijente i u vanrednim uslovima, Mikrokreditna fondacija LIDER je pripremila paket mjera podr\u0161ke za ubla\u017eavanje negativnih ekonomskih posljedica u vidu olak\u0161ica klijentima koji su direktno ili indirektno pogo\u0111eni negativnim [&hellip;]<\/p>\n","protected":false},"author":1,"featured_media":0,"parent":4926,"menu_order":0,"comment_status":"closed","ping_status":"closed","template":"","meta":{"_acf_changed":false,"slim_seo":{"title":"Measures - Floods 2024. - Lider - Mikrokreditna fondacija","description":"Program o posebnim mjerama koje MKF LIDER primjenjuje u vanrednim okolnostima \u2013 poplavama iz oktobra 2024. godine Kako bi kao i uvijek nastavili pomagati i podu"},"footnotes":""},"class_list":["post-5590","page","type-page","status-publish","hentry"],"acf":[],"_links":{"self":[{"href":"https:\/\/lider.ba\/en\/wp-json\/wp\/v2\/pages\/5590","targetHints":{"allow":["GET"]}}],"collection":[{"href":"https:\/\/lider.ba\/en\/wp-json\/wp\/v2\/pages"}],"about":[{"href":"https:\/\/lider.ba\/en\/wp-json\/wp\/v2\/types\/page"}],"author":[{"embeddable":true,"href":"https:\/\/lider.ba\/en\/wp-json\/wp\/v2\/users\/1"}],"replies":[{"embeddable":true,"href":"https:\/\/lider.ba\/en\/wp-json\/wp\/v2\/comments?post=5590"}],"version-history":[{"count":4,"href":"https:\/\/lider.ba\/en\/wp-json\/wp\/v2\/pages\/5590\/revisions"}],"predecessor-version":[{"id":5633,"href":"https:\/\/lider.ba\/en\/wp-json\/wp\/v2\/pages\/5590\/revisions\/5633"}],"up":[{"embeddable":true,"href":"https:\/\/lider.ba\/en\/wp-json\/wp\/v2\/pages\/4926"}],"wp:attachment":[{"href":"https:\/\/lider.ba\/en\/wp-json\/wp\/v2\/media?parent=5590"}],"curies":[{"name":"wp","href":"https:\/\/api.w.org\/{rel}","templated":true}]}}