{"id":4926,"date":"2023-12-10T20:32:53","date_gmt":"2023-12-10T19:32:53","guid":{"rendered":"https:\/\/lider.ba\/code-of-conduct\/"},"modified":"2024-01-18T00:54:35","modified_gmt":"2024-01-17T23:54:35","slug":"code-of-conduct","status":"publish","type":"page","link":"https:\/\/lider.ba\/en\/code-of-conduct\/","title":{"rendered":"Code of Conduct"},"content":{"rendered":"\t\t<div data-elementor-type=\"wp-page\" data-elementor-id=\"4926\" class=\"elementor elementor-4926 elementor-684\" data-elementor-post-type=\"page\">\n\t\t\t\t<div class=\"elementor-element elementor-element-cd9cc2c e-flex e-con-boxed e-con e-parent\" data-id=\"cd9cc2c\" data-element_type=\"container\" data-e-type=\"container\" data-settings=\"{&quot;background_background&quot;:&quot;classic&quot;}\">\n\t\t\t\t\t<div class=\"e-con-inner\">\n\t\t\t\t<div class=\"elementor-element elementor-element-4e5aa64 elementor-widget elementor-widget-heading\" data-id=\"4e5aa64\" data-element_type=\"widget\" data-e-type=\"widget\" data-widget_type=\"heading.default\">\n\t\t\t\t<div class=\"elementor-widget-container\">\n\t\t\t\t\t<h1 class=\"elementor-heading-title elementor-size-default\">Code of Conduct<\/h1>\t\t\t\t<\/div>\n\t\t\t\t<\/div>\n\t\t\t\t<div class=\"elementor-element elementor-element-54800da breadcrumbs elementor-widget elementor-widget-shortcode\" data-id=\"54800da\" data-element_type=\"widget\" data-e-type=\"widget\" data-widget_type=\"shortcode.default\">\n\t\t\t\t<div class=\"elementor-widget-container\">\n\t\t\t\t\t\t\t<div class=\"elementor-shortcode\"><nav class=\"breadcrumbs\" aria-label=\"Breadcrumbs\"><a href=\"https:\/\/lider.ba\/en\/\" class=\"breadcrumb breadcrumb--first\">Home<\/a> <span class='breadcrumbs__separator' aria-hidden='true'>&raquo;<\/span> <span class=\"breadcrumb breadcrumb--last\" aria-current=\"page\"><\/span><\/nav><\/div>\n\t\t\t\t\t\t<\/div>\n\t\t\t\t<\/div>\n\t\t\t\t\t<\/div>\n\t\t\t\t<\/div>\n\t\t<div class=\"elementor-element elementor-element-95a66c5 e-flex e-con-boxed e-con e-parent\" data-id=\"95a66c5\" data-element_type=\"container\" data-e-type=\"container\" data-settings=\"{&quot;background_background&quot;:&quot;classic&quot;}\">\n\t\t\t\t\t<div class=\"e-con-inner\">\n\t\t<div class=\"elementor-element elementor-element-16ad43f e-flex e-con-boxed e-con e-child\" data-id=\"16ad43f\" data-element_type=\"container\" data-e-type=\"container\">\n\t\t\t\t\t<div class=\"e-con-inner\">\n\t\t\t\t<div class=\"elementor-element elementor-element-a51eee4 box-kodeksi elementor-widget__width-initial elementor-view-default elementor-position-block-start elementor-mobile-position-block-start elementor-widget elementor-widget-icon-box\" data-id=\"a51eee4\" data-element_type=\"widget\" data-e-type=\"widget\" data-widget_type=\"icon-box.default\">\n\t\t\t\t<div class=\"elementor-widget-container\">\n\t\t\t\t\t\t\t<div class=\"elementor-icon-box-wrapper\">\n\n\t\t\t\t\t\t<div class=\"elementor-icon-box-icon\">\n\t\t\t\t<a href=\"https:\/\/lider.ba\/kodeksi\/poslovanje-s-klijentima\/\" class=\"elementor-icon\" tabindex=\"-1\" aria-label=\"Dealing with clients\">\n\t\t\t\t<svg xmlns=\"http:\/\/www.w3.org\/2000\/svg\" id=\"Layer_1\" height=\"512\" viewBox=\"0 0 66 66\" width=\"512\"><g><path d=\"m65.25 39.03-7.5-18.53c-.23-.57-.66-1.01-1.23-1.25-.57-.23-1.2-.22-1.76.03l-5.84 2.6c-.99.42-1.52 1.5-1.31 2.53l-1.55.87c-.52.3-1.15.41-1.76.33l-10.77-1.59c-1.88-.27-3.81.35-5.17 1.66l-.79.76h-5.98c-.27 0-.54-.1-.74-.28l-.53-.45c.37-.91.12-1.97-.68-2.6l-4.52-3.57c-.48-.38-1.08-.55-1.69-.46-.6.08-1.15.41-1.51.89l-10.89 14.76c-.72.97-.55 2.33.41 3.1l4.51 3.56c.41.32.89.48 1.39.48.1 0 .21-.01.31-.02.6-.08 1.14-.4 1.5-.9l.04-.05.65.49c.38.27.6.73.6 1.21v2.69l-1.68 2.16c-1.5 1.95-1.16 4.76.78 6.26.79.62 1.75.95 2.74.95.18 0 .37-.01.55-.03.2-.03.39-.08.58-.13 0 .06-.01.11-.01.17 0 1.28.58 2.48 1.58 3.3.78.62 1.72.93 2.65.93.58 0 1.16-.13 1.7-.36v.05c.14 1.05.69 1.98 1.49 2.57l.18.14c.68.5 1.49.77 2.32.77.19 0 .38-.01.58-.04.43-.06.82-.21 1.2-.4.21 1.07.82 1.99 1.73 2.57l.13.09c.65.43 1.4.65 2.16.65.28 0 .55-.03.83-.09 1.05-.22 1.94-.84 2.53-1.74l.17-.26c.71.54 1.56.82 2.47.82 1.07 0 2.12-.44 2.88-1.19.83-.83 1.27-1.99 1.19-3.16 0-.07-.01-.15-.02-.22 1.17.17 2.4-.2 3.29-1.09.8-.8 1.21-1.92 1.12-3.05-.01-.14-.03-.28-.06-.42 1.33.08 2.64-.45 3.54-1.52.77-.91 1.13-2.11.98-3.29-.01-.09-.02-.17-.04-.26 1.21.13 2.44-.29 3.34-1.17.99-.99 1.36-2.39 1.09-3.71.05-.01.1 0 .15-.01l3.22-.45c.41.37.96.58 1.51.58.31 0 .62-.06.91-.2l5.86-2.59c1.1-.48 1.62-1.76 1.17-2.89zm-57.84 1.12c-.15.02-.29-.02-.4-.11l-4.49-3.55c-.22-.18-.27-.5-.1-.73l10.88-14.79c.11-.15.26-.19.35-.2h.07c.09 0 .21.02.32.11l4.53 3.57c.22.17.26.49.1.7l-.14.19c-.01.01-.02.02-.03.03l-6.26 8.48c-.01.01-.01.01-.02.02l-1.19 1.62-2.73 3.7c-.01.01-.01.02-.01.02l-.54.74c-.1.14-.24.19-.34.2zm5.22 12.77c-.72.09-1.44-.11-2.02-.56-1.18-.92-1.4-2.65-.47-3.85l3.22-4.15c.54-.7 1.35-1.06 2.17-1.06.58 0 1.17.19 1.67.57.67.53 1.06 1.32 1.06 2.17 0 .61-.2 1.19-.58 1.69l-3.22 4.15c-.46.58-1.11.95-1.83 1.04zm3.44 3.71c-.6-.49-.94-1.2-.94-1.96 0-.55.19-1.09.56-1.56l3.21-4.14c.41-.54 1.01-.87 1.68-.95.1-.02.2-.02.29-.02.57 0 1.13.2 1.65.62 1.08.87 1.25 2.46.38 3.54l-3.29 4.1c-.87 1.06-2.46 1.23-3.54.37zm7.57 3.69c-.58.08-1.15-.06-1.56-.36l-.17-.14c-.48-.35-.78-.87-.86-1.46-.08-.6.09-1.19.46-1.66l2.44-3.02c.42-.53 1.06-.81 1.7-.81.45 0 .91.14 1.29.43.55.41.87 1.05.87 1.74 0 .45-.13.87-.38 1.23-.02.02-.03.05-.05.08-.01.01-.01.02-.02.02l-.04.06-2.27 3.04c-.32.47-.83.77-1.41.85zm8.53.07-1.15 1.79c-.33.51-.84.86-1.44.99-.59.12-1.19.01-1.68-.31l-.13-.09c-.53-.34-.88-.87-.99-1.48s.02-1.22.39-1.73c.6-.79 1.28-1.67 1.55-2 .05-.05.1-.11.15-.15.01 0 .01-.01.01-.01.01-.01.03-.02.04-.03.05-.04.09-.08.17-.13.75-.45 1.69-.45 2.42.02.64.41 1.03 1.13 1.03 1.91-.01.44-.13.86-.37 1.22zm17.95-13.31c-.82.81-2.15.91-3.07.24l-5.75-4.25-2.24-1.66c-.38-.28-.92-.2-1.21.18-.28.38-.2.92.18 1.21l3.92 2.9 3.32 2.46c.58.43.95 1.06 1.04 1.78s-.12 1.42-.59 1.98c-.86 1.02-2.38 1.21-3.47.44l-6.89-4.93c-.39-.28-.93-.19-1.2.2-.28.39-.19.93.2 1.2l6.59 4.71c.51.37.83.94.89 1.56.05.63-.17 1.24-.62 1.69-.75.76-1.96.83-2.81.19l-6.5-5.06c-.38-.29-.92-.23-1.21.15-.29.37-.23.92.14 1.21l5.68 4.44c.54.42.88 1.05.92 1.73.05.69-.2 1.34-.69 1.83-.8.8-2.15.89-3.05.24 0 0-.05-.06-.12-.13l.02-.03c.42-.64.64-1.39.64-2.18 0-1.37-.68-2.62-1.82-3.36-.87-.56-1.91-.73-2.9-.55 0-.07.01-.14.01-.21 0-1.25-.57-2.39-1.56-3.13-.86-.64-1.89-.88-2.87-.74.2-1.44-.33-2.95-1.58-3.96-.89-.73-2.02-1.05-3.16-.92-.15.02-.29.06-.43.09.01-.12.03-.23.03-.35 0-1.39-.62-2.67-1.72-3.53-1.65-1.28-3.92-1.21-5.5.03 0-.01 0-.01.01-.02-.02.02-.04.04-.06.05-.1.08-.2.18-.29.27-.08.08-.17.15-.25.24v-.48c0-1.04-.49-2.01-1.3-2.6l-.66-.49 1.26-1.71 1.59-2.16.5-.67c.03-.03.05-.06.08-.09l5.71-7.75.37.31c.51.45 1.18.7 1.87.7h4.18l-2.4 2.3c-.56.54-.87 1.27-.87 2.05 0 1.12.62 2.11 1.63 2.58 2.46 1.18 5.37 1.12 7.78-.15l1.04-.54c.98-.52 2.18-.4 3.05.3l10.15 8.13c.59.46 1.21.84 1.85 1.12.21.09.44.18.64.25.18.07.37.13.53.17.22.07.44.12.63.15.26.05.51.09.72.1.1.01.19.01.29.02-.04.01-.07.02-.11.03.28.83.08 1.78-.56 2.42zm2.22-4.2c-.33.04-.69.06-1.1.05-.17 0-.33-.01-.56-.04-.2-.01-.38-.05-.6-.09-.14-.02-.28-.05-.46-.11-.14-.03-.27-.08-.4-.13-.18-.06-.37-.14-.54-.21-.5-.22-1-.52-1.47-.89l-9.63-7.72-.52-.41c-.82-.66-1.82-1-2.83-1-.72 0-1.44.17-2.09.52l-1.04.54c-1.93 1.02-4.26 1.07-6.23.12-.47-.22-.64-.67-.64-1.02 0-.21.06-.53.34-.8l4.99-4.78c.98-.94 2.37-1.39 3.72-1.19l10.78 1.59c.99.14 2.01-.05 2.85-.53l1.32-.74 2.12 5.24 4.56 11.24zm11.04-2.52-5.87 2.59c-.23.1-.51.02-.68-.27l-6.24-15.41-.81-1.98-.46-1.14c-.11-.26.01-.56.28-.68l5.86-2.6c.13-.06.28-.06.41-.01s.23.15.28.29l7.5 18.54c.1.25-.02.55-.27.67z\"><\/path><path d=\"m33 21.62c5.67 0 10.28-4.61 10.28-10.28s-4.61-10.29-10.28-10.29-10.29 4.61-10.29 10.29c.01 5.67 4.62 10.28 10.29 10.28zm0-18.84c4.72 0 8.55 3.84 8.55 8.56s-3.84 8.55-8.55 8.55c-4.72 0-8.56-3.84-8.56-8.55 0-4.72 3.84-8.56 8.56-8.56z\"><\/path><path d=\"m30.9 14.47c.16.16.38.25.61.25s.45-.09.61-.25l5.03-5.03c.34-.34.34-.88 0-1.22s-.88-.34-1.22 0l-4.42 4.42-1.43-1.43c-.34-.34-.88-.34-1.22 0s-.34.88 0 1.22z\"><\/path><\/g><\/svg>\t\t\t\t<\/a>\n\t\t\t<\/div>\n\t\t\t\n\t\t\t\t\t\t<div class=\"elementor-icon-box-content\">\n\n\t\t\t\t\t\t\t\t\t<h3 class=\"elementor-icon-box-title\">\n\t\t\t\t\t\t<a href=\"https:\/\/lider.ba\/kodeksi\/poslovanje-s-klijentima\/\" >\n\t\t\t\t\t\t\tDealing with clients\t\t\t\t\t\t<\/a>\n\t\t\t\t\t<\/h3>\n\t\t\t\t\n\t\t\t\t\n\t\t\t<\/div>\n\t\t\t\n\t\t<\/div>\n\t\t\t\t\t\t<\/div>\n\t\t\t\t<\/div>\n\t\t\t\t<div class=\"elementor-element elementor-element-b885c70 box-kodeksi elementor-widget__width-initial elementor-view-default elementor-position-block-start elementor-mobile-position-block-start elementor-widget elementor-widget-icon-box\" data-id=\"b885c70\" data-element_type=\"widget\" data-e-type=\"widget\" data-widget_type=\"icon-box.default\">\n\t\t\t\t<div class=\"elementor-widget-container\">\n\t\t\t\t\t\t\t<div class=\"elementor-icon-box-wrapper\">\n\n\t\t\t\t\t\t<div class=\"elementor-icon-box-icon\">\n\t\t\t\t<a href=\"https:\/\/lider.ba\/kodeksi\/opsti-uslovi-poslovanja\/\" class=\"elementor-icon\" tabindex=\"-1\" aria-label=\"General business conditions\">\n\t\t\t\t<svg xmlns=\"http:\/\/www.w3.org\/2000\/svg\" id=\"Layer_1\" height=\"512\" viewBox=\"0 0 90 90\" width=\"512\"><path clip-rule=\"evenodd\" d=\"m8.162 72.092c13.334.006 26.662.006 40 0 .297 2.527 1.568 4.746 3.422 6.293h-36.463c-3.687 0-6.35-2.793-6.959-6.293zm66.74-60.443c3.688 0 6.355 2.792 6.965 6.292h-14.299c.543-3.582 3.59-6.292 7.334-6.292zm-49.49 0h43.266c-2.094 1.756-3.463 4.38-3.463 7.313l-.006 51.995c0 4.121-3.275 7.406-7.391 7.428-.004 0-.01 0-.016 0-.004 0-.01 0-.02 0-4.105 0-7.375-3.256-7.422-7.344.041-.6-.334-1.23-1.141-1.213h-31.229v-50.75c0-4.131 3.287-7.429 7.422-7.429zm0-2.265c-5.348 0-9.691 4.344-9.691 9.693v50.75h-9.162c-.781 0-1.125.598-1.125 1.129 0 5.35 4.338 9.693 9.688 9.693h42.662c5.957 0 9.551-5.104 9.691-9.693v-50.75h15.99c.625 0 1.137-.505 1.137-1.129 0-5.35-4.344-9.693-9.699-9.693z\" fill-rule=\"evenodd\"><\/path><path d=\"m75.24 33.753h3.256l.053 40.934-1.6 2.145-1.656-2.193zm-1.244-2.264c-.584.057-1.021.546-1.021 1.125l.053 42.408c0 .242.078.482.229.68l2.781 3.699c.459.609 1.365.604 1.818-.006l2.74-3.66c.146-.199.225-.432.219-.678l-.053-42.443c0-.625-.51-1.131-1.135-1.125h-5.631z\"><\/path><path d=\"m74.318 27.384c-1.51 0-1.395 2.265.121 2.265h4.916c1.568 0 1.568-2.265 0-2.265z\"><\/path><path d=\"m28.559 25.796c-2.521 0-4.594 2.058-4.594 4.578v6.85c0 2.516 2.072 4.567 4.594 4.567h6.688c2.521 0 4.6-2.052 4.6-4.567v-1.855c0-1.514-2.271-1.514-2.271 0v1.855c0 1.292-1.016 2.303-2.328 2.303h-6.688c-1.313 0-2.322-1.011-2.322-2.303v-6.85c0-1.296 1.01-2.307 2.322-2.307h6.26c1.516 0 1.516-2.271 0-2.271z\"><\/path><path d=\"m40.527 26.733c-.297.005-.578.129-.787.338l-7.238 7.214-2.266-2.251c-.438-.479-1.184-.5-1.641-.041-.459.458-.443 1.203.035 1.642l3.074 3.057c.441.437 1.15.437 1.594 0l8.047-8.016c.729-.724.204-1.964-.818-1.943z\"><\/path><path d=\"m32.412 56.65 4.021 3.938-7.963-.01zm-6.182-6.15 4.572 4.547-4.572 4.551zm2.329-3.646c-2.521 0-4.594 2.063-4.594 4.578v6.85c0 2.521 2.072 4.578 4.594 4.578h6.688c2.521 0 4.6-2.057 4.6-4.578v-3.971c.02-1.535-2.293-1.535-2.271 0v4.246l-3.553-3.51 5.324-5.303c.744-.719.213-1.98-.824-1.953-.291.012-.572.129-.781.344l-5.328 5.313-4.332-4.318h5.588c1.531.021 1.531-2.291 0-2.275h-5.111z\"><\/path><path d=\"m44.459 39.526c-.641-.026-1.176.489-1.176 1.135 0 .642.535 1.155 1.176 1.13h13.621c.641.025 1.176-.488 1.176-1.13 0-.646-.535-1.161-1.176-1.135z\"><\/path><path d=\"m48.455 25.796c-.631 0-1.141.51-1.141 1.135 0 .631.51 1.136 1.141 1.136h9.625c1.516 0 1.516-2.271 0-2.271z\"><\/path><path d=\"m44.459 34.947c-.641-.021-1.176.49-1.176 1.135 0 .642.535 1.157 1.176 1.131h13.621c.641.026 1.176-.489 1.176-1.131 0-.645-.535-1.156-1.176-1.135z\"><\/path><path d=\"m44.459 30.374c-.641-.025-1.176.489-1.176 1.131 0 .645.535 1.161 1.176 1.135h13.621c.641.026 1.176-.49 1.176-1.135 0-.642-.535-1.156-1.176-1.131z\"><\/path><path d=\"m44.459 60.588c-1.516 0-1.516 2.271 0 2.271h13.621c1.516 0 1.516-2.271 0-2.271z\"><\/path><path d=\"m48.455 46.854c-1.516 0-1.516 2.275 0 2.275h9.625c1.516 0 1.516-2.275 0-2.275z\"><\/path><path d=\"m44.459 56.01c-.629 0-1.135.512-1.135 1.135 0 .631.506 1.141 1.135 1.141h13.621c1.516 0 1.516-2.275 0-2.275h-13.621z\"><\/path><path d=\"m44.459 51.432c-.629 0-1.135.51-1.135 1.141 0 .625.506 1.135 1.135 1.135h13.621c1.516 0 1.516-2.275 0-2.275h-13.621z\"><\/path><\/svg>\t\t\t\t<\/a>\n\t\t\t<\/div>\n\t\t\t\n\t\t\t\t\t\t<div class=\"elementor-icon-box-content\">\n\n\t\t\t\t\t\t\t\t\t<h3 class=\"elementor-icon-box-title\">\n\t\t\t\t\t\t<a href=\"https:\/\/lider.ba\/kodeksi\/opsti-uslovi-poslovanja\/\" >\n\t\t\t\t\t\t\tGeneral business conditions\t\t\t\t\t\t<\/a>\n\t\t\t\t\t<\/h3>\n\t\t\t\t\n\t\t\t\t\n\t\t\t<\/div>\n\t\t\t\n\t\t<\/div>\n\t\t\t\t\t\t<\/div>\n\t\t\t\t<\/div>\n\t\t\t\t<div class=\"elementor-element elementor-element-9b8fdb7 box-kodeksi elementor-widget__width-initial elementor-view-default elementor-position-block-start elementor-mobile-position-block-start elementor-widget elementor-widget-icon-box\" data-id=\"9b8fdb7\" data-element_type=\"widget\" data-e-type=\"widget\" data-widget_type=\"icon-box.default\">\n\t\t\t\t<div class=\"elementor-widget-container\">\n\t\t\t\t\t\t\t<div class=\"elementor-icon-box-wrapper\">\n\n\t\t\t\t\t\t<div class=\"elementor-icon-box-icon\">\n\t\t\t\t<a href=\"https:\/\/lider.ba\/kodeksi\/pravila-privatnosti\/\" class=\"elementor-icon\" tabindex=\"-1\" aria-label=\"Data Privacy Policy\">\n\t\t\t\t<svg xmlns=\"http:\/\/www.w3.org\/2000\/svg\" id=\"Layer_1\" height=\"512\" viewBox=\"0 0 90 90\" width=\"512\"><path d=\"m44.643 41.38-18.053 6.281c-.459.155-.766.584-.771 1.067v6.818c-.016 1.536 2.297 1.536 2.277 0v-6.011l16.916-5.885 16.928 5.885v6.011c-.068 1.578 2.338 1.578 2.266 0v-6.818c0-.479-.303-.912-.762-1.067l-18.051-6.281c-.313-.109-.444-.105-.75 0z\"><\/path><path clip-rule=\"evenodd\" d=\"m42.396 7.926c6.068-1.437 12.131 2.261 13.584 8.261 1.447 6-2.275 12.005-8.344 13.437-6.072 1.432-12.135-2.261-13.584-8.261-1.452-6 2.272-12.003 8.344-13.437zm-.531-2.202c-7.254 1.713-11.76 8.958-10.02 16.161 1.738 7.203 9.066 11.656 16.322 9.943s11.756-8.959 10.016-16.162c-1.74-7.202-9.068-11.656-16.318-9.942z\" fill-rule=\"evenodd\"><\/path><path d=\"m33.58 37.374h22.869c3.041 0 5.006.532 6.619 1.708 1.615 1.177 2.965 3.12 4.443 6.172l6.896 14.24c.957 1.975 1.176 3.479.863 4.536-.313 1.063-1.15 1.934-3.01 2.651l-7.28 2.829c-1.197.468-2.094.345-2.844-.057-.744-.401-1.338-1.146-1.65-2.037-.625-1.785-.234-3.916 2.207-4.963 2.168-.932 5.943-2.463 5.943-2.463 1.553-.495.609-2.823-.85-2.099 0 0-3.77 1.531-5.988 2.484-3.459 1.485-4.412 5.063-3.453 7.792.125.364.291.714.479 1.047-2.896 5.536-7.74 9.65-13.813 12.963-6.072-3.313-10.912-7.427-13.813-12.963.193-.333.354-.683.484-1.047.959-2.729.006-6.307-3.459-7.792-2.213-.953-5.984-2.484-5.984-2.484-1.463-.724-2.406 1.604-.848 2.099 0 0 3.77 1.532 5.941 2.463 2.438 1.047 2.834 3.178 2.209 4.963-.313.891-.912 1.636-1.656 2.037-.744.402-1.646.525-2.844.057l-7.275-2.828c-1.859-.718-2.699-1.589-3.012-2.651-.316-1.058-.094-2.562.859-4.536l6.906-14.24c1.475-3.052 2.824-4.995 4.438-6.172 1.617-1.177 3.58-1.709 6.623-1.709zm0-2.26c-3.313 0-5.875.609-7.959 2.131-2.084 1.52-3.6 3.827-5.146 7.02l-6.895 14.24c-1.09 2.249-1.553 4.317-1.006 6.172.553 1.854 2.119 3.249 4.375 4.125l7.275 2.828c1.73.672 3.418.531 4.734-.178.225-.12.438-.265.641-.417 3.297 5.833 8.531 10.152 14.881 13.511.334.177.734.177 1.063 0 6.35-3.359 11.588-7.678 14.881-13.511.207.152.416.298.645.417 1.313.708 3.006.85 4.734.178l7.281-2.828c2.256-.876 3.818-2.272 4.365-4.125.547-1.854.094-3.923-1-6.172l-6.896-14.24c-1.547-3.192-3.066-5.5-5.15-7.02-2.078-1.521-4.641-2.131-7.953-2.131z\"><\/path><path clip-rule=\"evenodd\" d=\"m54.549 58.114-11.735 11.839c-.078.078-.172.078-.25 0l-7.078-7.079 2.197-2.25 4.213 4.224c.443.438 1.162.438 1.605 0l8.707-8.713zm-2.25-4.369c-.719.077-1.297.395-1.684.781l-7.91 7.911-3.412-3.407c-.932-.943-2.51-.943-3.443 0l-1.973 2.005c-.938.943-.938 2.491 0 3.434l7.094 7.093c1.082 1.083 2.359 1.094 3.438.01l11.75-11.859c.969-.979.77-2.594-.012-3.422l-1.941-1.922c-.554-.541-1.282-.692-1.907-.624z\" fill-rule=\"evenodd\"><\/path><\/svg>\t\t\t\t<\/a>\n\t\t\t<\/div>\n\t\t\t\n\t\t\t\t\t\t<div class=\"elementor-icon-box-content\">\n\n\t\t\t\t\t\t\t\t\t<h3 class=\"elementor-icon-box-title\">\n\t\t\t\t\t\t<a href=\"https:\/\/lider.ba\/kodeksi\/pravila-privatnosti\/\" >\n\t\t\t\t\t\t\tData Privacy Policy\t\t\t\t\t\t<\/a>\n\t\t\t\t\t<\/h3>\n\t\t\t\t\n\t\t\t\t\n\t\t\t<\/div>\n\t\t\t\n\t\t<\/div>\n\t\t\t\t\t\t<\/div>\n\t\t\t\t<\/div>\n\t\t\t\t\t<\/div>\n\t\t\t\t<\/div>\n\t\t\t\t\t<\/div>\n\t\t\t\t<\/div>\n\t\t<div class=\"elementor-element elementor-element-1d7fcfb e-flex e-con-boxed e-con e-parent\" data-id=\"1d7fcfb\" data-element_type=\"container\" data-e-type=\"container\">\n\t\t\t\t\t<div class=\"e-con-inner\">\n\t\t\t\t<div class=\"elementor-element elementor-element-6b3be4a elementor-widget elementor-widget-heading\" data-id=\"6b3be4a\" data-element_type=\"widget\" data-e-type=\"widget\" data-widget_type=\"heading.default\">\n\t\t\t\t<div class=\"elementor-widget-container\">\n\t\t\t\t\t<h2 class=\"elementor-heading-title elementor-size-default\">LIDER's business is based on honesty, trust and fair relations.<\/h2>\t\t\t\t<\/div>\n\t\t\t\t<\/div>\n\t\t\t\t<div class=\"elementor-element elementor-element-ae030d0 tabovi elementor-widget elementor-widget-text-editor\" data-id=\"ae030d0\" data-element_type=\"widget\" data-e-type=\"widget\" data-widget_type=\"text-editor.default\">\n\t\t\t\t<div class=\"elementor-widget-container\">\n\t\t\t\t\t\t\t\t\t<p>Poslovanje koje se zasniva na po\u0161tenju, povjerenju i fer odnosima kao temeljnim korporativnim vrijednostima, te visokim eti\u010dkim i zakonskim standardima u svim poslovnim aktivnostima, koje po\u0161tuju svi uposlenici u interakciji sa <strong>klijentima<\/strong> i <strong>partnerima<\/strong>.<\/p>\n\t\t\t\t\t\t\t\t<\/div>\n\t\t\t\t<\/div>\n\t\t\t\t<div class=\"elementor-element elementor-element-487914e elementor-widget elementor-widget-heading\" data-id=\"487914e\" data-element_type=\"widget\" data-e-type=\"widget\" data-widget_type=\"heading.default\">\n\t\t\t\t<div class=\"elementor-widget-container\">\n\t\t\t\t\t<h2 class=\"elementor-heading-title elementor-size-default\">Vrijednosti i standardi su uvijek \u010dinili temelj na\u0161eg uspjeha.<\/h2>\t\t\t\t<\/div>\n\t\t\t\t<\/div>\n\t\t\t\t<div class=\"elementor-element elementor-element-4b09153 tabovi elementor-widget elementor-widget-text-editor\" data-id=\"4b09153\" data-element_type=\"widget\" data-e-type=\"widget\" data-widget_type=\"text-editor.default\">\n\t\t\t\t<div class=\"elementor-widget-container\">\n\t\t\t\t\t\t\t\t\t<p>Vjerujemo da odgovorno poslovno pona\u0161anje i odgovorna poslovna praksa najbolje slu\u017ee dru\u0161tvu i poslovanju.<\/p>\n<p>Iz navedenih razloga <strong><a href=\"https:\/\/www.facebook.com\/Lider-Mikrokreditna-fondacija-214793881976297\" target=\"_blank\" rel=\"noopener noreferrer\">LIDER<\/a><\/strong> je razvio niz kodeksa iz svih sfera poslovanja koji predstavljaju smjernice koje nas vode u poslovanju i osiguravaju visoke standarde u pru\u017eanju usluge na\u0161im klijentima.<\/p>\n\t\t\t\t\t\t\t\t<\/div>\n\t\t\t\t<\/div>\n\t\t\t\t\t<\/div>\n\t\t\t\t<\/div>\n\t\t<div class=\"elementor-element elementor-element-7e360b5 e-flex e-con-boxed e-con e-parent\" data-id=\"7e360b5\" data-element_type=\"container\" data-e-type=\"container\" data-settings=\"{&quot;background_background&quot;:&quot;classic&quot;}\">\n\t\t\t\t\t<div class=\"e-con-inner\">\n\t\t\t\t<div class=\"elementor-element elementor-element-6f7904e elementor-widget__width-inherit elementor-widget elementor-widget-heading\" data-id=\"6f7904e\" data-element_type=\"widget\" data-e-type=\"widget\" data-widget_type=\"heading.default\">\n\t\t\t\t<div class=\"elementor-widget-container\">\n\t\t\t\t\t<h2 class=\"elementor-heading-title elementor-size-default\">Zahtjev za financijske usluge<\/h2>\t\t\t\t<\/div>\n\t\t\t\t<\/div>\n\t\t\t\t<div class=\"elementor-element elementor-element-ab317a6 elementor-align-center elementor-widget elementor-widget-button\" data-id=\"ab317a6\" data-element_type=\"widget\" data-e-type=\"widget\" data-widget_type=\"button.default\">\n\t\t\t\t<div class=\"elementor-widget-container\">\n\t\t\t\t\t\t\t\t\t<div class=\"elementor-button-wrapper\">\n\t\t\t\t\t<a class=\"elementor-button elementor-button-link elementor-size-lg\" href=\"https:\/\/lider.ba\/en\/request-for-financial-services\/\">\n\t\t\t\t\t\t<span class=\"elementor-button-content-wrapper\">\n\t\t\t\t\t\t\t\t\t<span class=\"elementor-button-text\">Apply now<\/span>\n\t\t\t\t\t<\/span>\n\t\t\t\t\t<\/a>\n\t\t\t\t<\/div>\n\t\t\t\t\t\t\t\t<\/div>\n\t\t\t\t<\/div>\n\t\t\t\t<div class=\"elementor-element elementor-element-9fdb3b5 elementor-widget elementor-widget-heading\" data-id=\"9fdb3b5\" data-element_type=\"widget\" data-e-type=\"widget\" data-widget_type=\"heading.default\">\n\t\t\t\t<div class=\"elementor-widget-container\">\n\t\t\t\t\t<p class=\"elementor-heading-title elementor-size-default\"><a href=\"#elementor-action%3Aaction%3Dpopup%3Aopen%26settings%3DeyJpZCI6MTQxNSwidG9nZ2xlIjpmYWxzZX0%3D\">or visit the nearest branch<\/a><\/p>\t\t\t\t<\/div>\n\t\t\t\t<\/div>\n\t\t\t\t\t<\/div>\n\t\t\t\t<\/div>\n\t\t\t\t<\/div>\n\t\t","protected":false},"excerpt":{"rendered":"<p>Dealing with clients General business conditions Data Privacy Policy LIDER&#8217;s business is based on honesty, trust and fair relations. Poslovanje koje se zasniva na po\u0161tenju, povjerenju i fer odnosima kao temeljnim korporativnim vrijednostima, te visokim eti\u010dkim i zakonskim standardima u svim poslovnim aktivnostima, koje po\u0161tuju svi uposlenici u interakciji sa klijentima i partnerima. Vrijednosti i [&hellip;]<\/p>\n","protected":false},"author":1,"featured_media":0,"parent":0,"menu_order":0,"comment_status":"closed","ping_status":"closed","template":"","meta":{"_acf_changed":false,"slim_seo":{"title":"Code of Conduct - Lider - Mikrokreditna fondacija","description":"Home &raquo; Dealing with clients General business conditions Data Privacy Policy LIDER's business is based on honesty, trust and fair relations. Poslovanje koj"},"footnotes":""},"class_list":["post-4926","page","type-page","status-publish","hentry"],"acf":[],"_links":{"self":[{"href":"https:\/\/lider.ba\/en\/wp-json\/wp\/v2\/pages\/4926","targetHints":{"allow":["GET"]}}],"collection":[{"href":"https:\/\/lider.ba\/en\/wp-json\/wp\/v2\/pages"}],"about":[{"href":"https:\/\/lider.ba\/en\/wp-json\/wp\/v2\/types\/page"}],"author":[{"embeddable":true,"href":"https:\/\/lider.ba\/en\/wp-json\/wp\/v2\/users\/1"}],"replies":[{"embeddable":true,"href":"https:\/\/lider.ba\/en\/wp-json\/wp\/v2\/comments?post=4926"}],"version-history":[{"count":3,"href":"https:\/\/lider.ba\/en\/wp-json\/wp\/v2\/pages\/4926\/revisions"}],"predecessor-version":[{"id":4929,"href":"https:\/\/lider.ba\/en\/wp-json\/wp\/v2\/pages\/4926\/revisions\/4929"}],"wp:attachment":[{"href":"https:\/\/lider.ba\/en\/wp-json\/wp\/v2\/media?parent=4926"}],"curies":[{"name":"wp","href":"https:\/\/api.w.org\/{rel}","templated":true}]}}